{"id":3624,"date":"2014-12-12T10:33:34","date_gmt":"2014-12-12T09:33:34","guid":{"rendered":"https:\/\/undsgn.com\/uncode\/?page_id=3624"},"modified":"2021-05-21T12:06:52","modified_gmt":"2021-05-21T10:06:52","slug":"about","status":"publish","type":"page","link":"http:\/\/klok-science.de\/de\/about\/","title":{"rendered":"about"},"content":{"rendered":"<div class=\"wpb-content-wrapper\"><div data-parent=\"true\" class=\"vc_row row-container\" id=\"row-unique-0\"><div class=\"row quad-top-padding quad-bottom-padding single-h-padding limit-width row-parent\"><div class=\"wpb_row row-inner\"><div class=\"wpb_column pos-top pos-center align_left column_parent col-lg-12 single-internal-gutter\"><div class=\"uncol style-light\"  ><div class=\"uncoltable\"><div class=\"uncell no-block-padding\" ><div class=\"uncont\" ><div class=\"vc_row row-internal row-container\"><div class=\"row col-half-gutter row-child\"><div class=\"wpb_row row-inner\"><div class=\"wpb_column pos-top pos-center align_left column_child col-lg-6 col-md-50 single-internal-gutter\"><div class=\"uncol style-light\" ><div class=\"uncoltable\"><div class=\"uncell no-block-padding\" ><div class=\"uncont\" ><div class=\"vc_custom_heading_wrap\"><div class=\"heading-text el-text bottom-t-top animate_when_almost_visible\" data-delay=\"400\"><h5 class=\"fontsize-155944\" ><span>klok ist das schwedische Wort f\u00fcr klug! Was wir anbieten? Kluge Kommunikation f\u00fcr kluge Themen!<\/span><\/h5><\/div><div class=\"clear\"><\/div><\/div><\/div><\/div><\/div><\/div><\/div><div class=\"wpb_column pos-top pos-center align_left column_child col-lg-3 col-md-25 single-internal-gutter\"><div class=\"uncol style-light\" ><div class=\"uncoltable\"><div class=\"uncell no-block-padding\" ><div class=\"uncont\" ><div class=\"uncode_text_column bottom-t-top animate_when_almost_visible\" data-delay=\"500\"><p>Wir arbeiten mit Wissenschaftlern, technischen Redakteuren, Grafikern, PR-Spezialisten und Animationsk\u00fcnstlern zusammen. Wir verstehen Ihre Leidenschaft, \u00f6ffnen die Ergebnisse, die Sie pr\u00e4sentieren wollen, und setzen sie in zielgruppengerechte Texte und Grafiken um. So bringen wir Ihre Botschaft in das Herz des Empf\u00e4ngers.<span class=\"Apple-converted-space\">\u00a0<\/span><\/p>\n<\/div><\/div><\/div><\/div><\/div><\/div><div class=\"wpb_column pos-top pos-center align_left column_child col-lg-3 col-md-25 single-internal-gutter\"><div class=\"uncol style-light\" ><div class=\"uncoltable\"><div class=\"uncell no-block-padding\" ><div class=\"uncont\" ><\/div><\/div><\/div><\/div><\/div><\/div><\/div><\/div><\/div><\/div><\/div><\/div><\/div><script id=\"script-row-unique-0\" data-row=\"script-row-unique-0\" type=\"text\/javascript\" class=\"vc_controls\">UNCODE.initRow(document.getElementById(\"row-unique-0\"));<\/script><\/div><\/div><\/div><div data-parent=\"true\" class=\"vc_row row-container\" id=\"row-unique-1\"><div class=\"row limit-width row-parent\"><div class=\"wpb_row row-inner\"><div class=\"wpb_column pos-top pos-center align_left column_parent col-lg-12 single-internal-gutter\"><div class=\"uncol style-light\"  ><div class=\"uncoltable\"><div class=\"uncell no-block-padding\" ><div class=\"uncont\" ><div class=\"vc_row row-internal row-container\"><div class=\"row unequal col-no-gutter row-child\" data-height=\"100\"><div class=\"wpb_row row-inner\"><div class=\"wpb_column pos-top pos-center align_left column_child col-lg-5 col-md-50 single-internal-gutter\"><div class=\"uncol style-light animate_when_almost_visible left-t-right\" ><div class=\"uncoltable\"><div class=\"uncell double-block-padding style-color-2-bg\" ><div class=\"uncont\" ><div class=\"vc_custom_heading_wrap\"><div class=\"heading-text el-text\" ><p class=\"h2 fontspace-781688 font-weight-600 text-color-prif-color\" ><span>klok Kontakt.<\/span><\/p><\/div><div class=\"clear\"><\/div><\/div><\/div><\/div><\/div><\/div><\/div><div class=\"wpb_column pos-middle pos-center align_left column_child col-lg-7 tablet-hidden mobile-hidden col-md-50 single-internal-gutter z_index_1\"><div class=\"uncol style-light\" ><div class=\"uncoltable\"><div class=\"uncell no-block-padding\" ><div class=\"uncont\" ><\/div><\/div><\/div><\/div><\/div><\/div><\/div><\/div><div class=\"vc_row style-color-xsdn-bg row-internal row-container with-parallax\"><div class=\"row-background background-element\">\n\t\t\t\t\t\t\t\t\t\t\t<div class=\"background-wrapper\">\n\t\t\t\t\t\t\t\t\t\t\t\t<div class=\"background-inner\" style=\"background-image: url(https:\/\/klok-science.de\/wp-content\/uploads\/2020\/05\/hintergrund3.svg);background-repeat: no-repeat;background-position: center center;background-size: cover;\"><\/div>\n\t\t\t\t\t\t\t\t\t\t\t\t\n\t\t\t\t\t\t\t\t\t\t\t<\/div>\n\t\t\t\t\t\t\t\t\t\t<\/div><div class=\"row col-one-gutter row-child\" data-height=\"80\"><div class=\"wpb_row shift_y_neg_single row-inner\"><div class=\"wpb_column pos-top pos-center align_left column_child col-lg-4 col-md-50 single-internal-gutter\"><div class=\"uncol style-light\" ><div class=\"uncoltable\"><div class=\"uncell single-block-padding style-color-xsdn-bg\" ><div class=\"uncont\" ><div class=\"uncode-single-media  text-left\"><div class=\"single-wrapper\" style=\"max-width: 100%;\"><div class=\"tmb tmb-light  tmb-media-first tmb-media-last tmb-content-overlay tmb-no-bg\"><div class=\"t-inside\"><div class=\"t-entry-visual\"><div class=\"t-entry-visual-tc\"><div class=\"uncode-single-media-wrapper\"><img decoding=\"async\" class=\"wp-image-83366\" src=\"https:\/\/klok-science.de\/wp-content\/uploads\/2020\/04\/staudacher.jpg\" width=\"819\" height=\"819\" alt=\"\" srcset=\"https:\/\/klok-science.de\/wp-content\/uploads\/2020\/04\/staudacher.jpg 819w, https:\/\/klok-science.de\/wp-content\/uploads\/2020\/04\/staudacher-300x300.jpg 300w, https:\/\/klok-science.de\/wp-content\/uploads\/2020\/04\/staudacher-150x150.jpg 150w, https:\/\/klok-science.de\/wp-content\/uploads\/2020\/04\/staudacher-768x768.jpg 768w, https:\/\/klok-science.de\/wp-content\/uploads\/2020\/04\/staudacher-600x600.jpg 600w, https:\/\/klok-science.de\/wp-content\/uploads\/2020\/04\/staudacher-100x100.jpg 100w\" sizes=\"(max-width: 819px) 100vw, 819px\" \/><\/div>\n\t\t\t\t\t<\/div>\n\t\t\t\t<\/div><\/div><\/div><\/div><\/div><div class=\"vc_custom_heading_wrap\"><div class=\"heading-text el-text\" ><h5 class=\"h5\" ><span>Dipl.-Biol. Patricia Staudacher-Sauer<\/span><\/h5><\/div><div class=\"clear\"><\/div><\/div><div class=\"vc_custom_heading_wrap\"><div class=\"heading-text el-text\" ><h6 class=\"h6\" ><span><em>CEO und Creative\u00a0<\/em><i>Director<\/i><\/span><\/h6><\/div><div class=\"clear\"><\/div><\/div><div class=\"divider-wrapper  bottom-t-top animate_when_almost_visible\"  >\n    <hr class=\"border-color-2-color separator-no-padding\"  style=\"border-top-width: 5px;\" \/>\n<\/div>\n<div class=\"uncode_text_column\" ><p>Patricia studierte Biologie und Physik und hat einen Abschluss in Journalismus. Sie ist Inhaberin und Gr\u00fcnderin der Werbeagentur klok (gegr. 2007), arbeitete als Leiterin f\u00fcr Kommunikation am Max-Planck-Institut f\u00fcr die Physik des Lichts und ist Spezialistin f\u00fcr Krisenkommunikation.<\/p>\n<\/div><\/div><\/div><\/div><\/div><\/div><div class=\"wpb_column pos-middle pos-center align_left column_child col-lg-4 col-md-50 single-internal-gutter z_index_1\"><div class=\"uncol style-light\" ><div class=\"uncoltable\"><div class=\"uncell single-block-padding style-color-xsdn-bg\" ><div class=\"uncont\" ><div class=\"uncode-single-media  text-left\"><div class=\"single-wrapper\" style=\"max-width: 100%;\"><div class=\"tmb tmb-light  tmb-media-first tmb-media-last tmb-content-overlay tmb-no-bg\"><div class=\"t-inside\"><div class=\"t-entry-visual\"><div class=\"t-entry-visual-tc\"><div class=\"uncode-single-media-wrapper\"><img decoding=\"async\" class=\"wp-image-83367\" src=\"https:\/\/klok-science.de\/wp-content\/uploads\/2020\/04\/herget-1-scaled.jpg\" width=\"2560\" height=\"2560\" alt=\"\" srcset=\"https:\/\/klok-science.de\/wp-content\/uploads\/2020\/04\/herget-1-scaled.jpg 2560w, https:\/\/klok-science.de\/wp-content\/uploads\/2020\/04\/herget-1-300x300.jpg 300w, https:\/\/klok-science.de\/wp-content\/uploads\/2020\/04\/herget-1-1024x1024.jpg 1024w, https:\/\/klok-science.de\/wp-content\/uploads\/2020\/04\/herget-1-150x150.jpg 150w, https:\/\/klok-science.de\/wp-content\/uploads\/2020\/04\/herget-1-768x768.jpg 768w, https:\/\/klok-science.de\/wp-content\/uploads\/2020\/04\/herget-1-1536x1536.jpg 1536w, https:\/\/klok-science.de\/wp-content\/uploads\/2020\/04\/herget-1-2048x2048.jpg 2048w, https:\/\/klok-science.de\/wp-content\/uploads\/2020\/04\/herget-1-600x600.jpg 600w, https:\/\/klok-science.de\/wp-content\/uploads\/2020\/04\/herget-1-100x100.jpg 100w\" sizes=\"(max-width: 2560px) 100vw, 2560px\" \/><\/div>\n\t\t\t\t\t<\/div>\n\t\t\t\t<\/div><\/div><\/div><\/div><\/div><div class=\"vc_custom_heading_wrap\"><div class=\"heading-text el-text\" ><h5 class=\"h5\" ><span>Friederike Herget B.A.<\/span><\/h5><\/div><div class=\"clear\"><\/div><\/div><div class=\"vc_custom_heading_wrap\"><div class=\"heading-text el-text\" ><h6 class=\"h6\" ><span><em>Art Director<\/em><\/span><\/h6><\/div><div class=\"clear\"><\/div><\/div><div class=\"divider-wrapper  bottom-t-top animate_when_almost_visible\"  >\n    <hr class=\"border-color-2-color separator-no-padding\"  style=\"border-top-width: 5px;\" \/>\n<\/div>\n<div class=\"uncode_text_column\" ><p>Rike hat einen Abschluss in Technikjournalismus und arbeitete als Redakteurin und Content-Erstellerin am Max-Planck-Institut f\u00fcr die Physik des Lichts. W\u00e4hrend ihres Studiums war sie in der Kommunikationsabteilung des Fraunhofer-Instituts f\u00fcr Integrierte Schaltungen t\u00e4tig. Im Laufe der Jahre entwickelte sie ein starkes Interesse daran, \"komplexe Sachverhalte auf einfache Weise zu erkl\u00e4ren\", wie z.B. durch animierte Videos.<\/p>\n<\/div><\/div><\/div><\/div><\/div><\/div><div class=\"wpb_column pos-top pos-center align_left column_child col-lg-4 col-md-50 col-md-clear one-internal-gutter\"><div class=\"uncol style-light animate_when_almost_visible right-t-left\" ><div class=\"uncoltable\"><div class=\"uncell double-block-padding style-color-lxmt-bg\" ><div class=\"uncont\" ><div class=\"uncode_text_column\" ><\/p>\n<h3>Email Patricia:<\/h3>\n<p>\n<\/div><div class=\"uncode_text_column\" ><\/p>\n<h4><a href=\"mailto:patricia.staudacher@klok-science.de\">patricia.staudacher@klok-science.de<\/a><\/h4>\n<p>\n<\/div><div class=\"empty-space empty-single\" ><span class=\"empty-space-inner\"><\/span><\/div>\n<div class=\"uncode_text_column\" ><\/p>\n<h3>Email Rike:<\/h3>\n<p>\n<\/div><div class=\"uncode_text_column\" ><\/p>\n<h4><a href=\"mailto:friederike.herget@klok-science.de\">friederike.herget@klok-science.de<\/a><\/h4>\n<p>\n<\/div><\/div><\/div><\/div><\/div><\/div><\/div><\/div><\/div><\/div><\/div><\/div><\/div><\/div><script id=\"script-row-unique-1\" data-row=\"script-row-unique-1\" type=\"text\/javascript\" class=\"vc_controls\">UNCODE.initRow(document.getElementById(\"row-unique-1\"));<\/script><\/div><\/div><\/div>\n<\/div>","protected":false},"excerpt":{"rendered":"klok is the Swedish word for smart! What we offer? Smart communication for smart topics!We work together with scientists, technical [...]","protected":false},"author":1,"featured_media":0,"parent":0,"menu_order":0,"comment_status":"open","ping_status":"closed","template":"","meta":{"_monsterinsights_skip_tracking":false,"_monsterinsights_sitenote_active":false,"_monsterinsights_sitenote_note":"","_monsterinsights_sitenote_category":0,"footnotes":""},"class_list":["post-3624","page","type-page","status-publish","hentry"],"yoast_head":"<!-- This site is optimized with the Yoast SEO plugin v26.0 - https:\/\/yoast.com\/wordpress\/plugins\/seo\/ -->\n<title>About klok science: We are a team of scientists and creative PR specialists<\/title>\n<meta name=\"description\" content=\"About klok science: We are a team of scientists, technical editors, graphic designers, PR specialists and animation artists.\" \/>\n<meta name=\"robots\" content=\"index, follow, max-snippet:-1, max-image-preview:large, max-video-preview:-1\" \/>\n<link rel=\"canonical\" href=\"https:\/\/klok-science.de\/de\/about\/\" \/>\n<meta property=\"og:locale\" content=\"de_DE\" \/>\n<meta property=\"og:type\" content=\"article\" \/>\n<meta property=\"og:title\" content=\"About klok science: We are a team of scientists and creative PR specialists\" \/>\n<meta property=\"og:description\" content=\"About klok science: We are a team of scientists, technical editors, graphic designers, PR specialists and animation artists.\" \/>\n<meta property=\"og:url\" content=\"https:\/\/klok-science.de\/de\/about\/\" \/>\n<meta property=\"og:site_name\" content=\"klok science\" \/>\n<meta property=\"article:modified_time\" content=\"2021-05-21T10:06:52+00:00\" \/>\n<meta name=\"twitter:card\" content=\"summary_large_image\" \/>\n<meta name=\"twitter:label1\" content=\"Gesch\u00e4tzte Lesezeit\" \/>\n\t<meta name=\"twitter:data1\" content=\"2\u00a0Minuten\" \/>\n<script type=\"application\/ld+json\" class=\"yoast-schema-graph\">{\"@context\":\"https:\/\/schema.org\",\"@graph\":[{\"@type\":\"WebPage\",\"@id\":\"https:\/\/klok-science.de\/de\/about\/\",\"url\":\"https:\/\/klok-science.de\/de\/about\/\",\"name\":\"About klok science: We are a team of scientists and creative PR specialists\",\"isPartOf\":{\"@id\":\"https:\/\/klok-science.de\/#website\"},\"datePublished\":\"2014-12-12T09:33:34+00:00\",\"dateModified\":\"2021-05-21T10:06:52+00:00\",\"description\":\"About klok science: We are a team of scientists, technical editors, graphic designers, PR specialists and animation artists.\",\"breadcrumb\":{\"@id\":\"https:\/\/klok-science.de\/de\/about\/#breadcrumb\"},\"inLanguage\":\"de\",\"potentialAction\":[{\"@type\":\"ReadAction\",\"target\":[\"https:\/\/klok-science.de\/de\/about\/\"]}]},{\"@type\":\"BreadcrumbList\",\"@id\":\"https:\/\/klok-science.de\/de\/about\/#breadcrumb\",\"itemListElement\":[{\"@type\":\"ListItem\",\"position\":1,\"name\":\"Startseite\",\"item\":\"https:\/\/klok-science.de\/\"},{\"@type\":\"ListItem\",\"position\":2,\"name\":\"About\"}]},{\"@type\":\"WebSite\",\"@id\":\"https:\/\/klok-science.de\/#website\",\"url\":\"https:\/\/klok-science.de\/\",\"name\":\"klok science\",\"description\":\"The agency for science communication\",\"potentialAction\":[{\"@type\":\"SearchAction\",\"target\":{\"@type\":\"EntryPoint\",\"urlTemplate\":\"https:\/\/klok-science.de\/?s={search_term_string}\"},\"query-input\":{\"@type\":\"PropertyValueSpecification\",\"valueRequired\":true,\"valueName\":\"search_term_string\"}}],\"inLanguage\":\"de\"}]}<\/script>\n<!-- \/ Yoast SEO plugin. -->","yoast_head_json":{"title":"\u00dcber klok science: Wir sind ein Team von Wissenschaftlern und kreativen PR-Spezialisten","description":"\u00dcber klok science: Wir sind ein Team von Wissenschaftlern, technischen Redakteuren, Grafikern, PR-Spezialisten und Animationsk\u00fcnstlern.","robots":{"index":"index","follow":"follow","max-snippet":"max-snippet:-1","max-image-preview":"max-image-preview:large","max-video-preview":"max-video-preview:-1"},"canonical":"https:\/\/klok-science.de\/de\/about\/","og_locale":"de_DE","og_type":"article","og_title":"About klok science: We are a team of scientists and creative PR specialists","og_description":"About klok science: We are a team of scientists, technical editors, graphic designers, PR specialists and animation artists.","og_url":"https:\/\/klok-science.de\/de\/about\/","og_site_name":"klok science","article_modified_time":"2021-05-21T10:06:52+00:00","twitter_card":"summary_large_image","twitter_misc":{"Gesch\u00e4tzte Lesezeit":"2\u00a0Minuten"},"schema":{"@context":"https:\/\/schema.org","@graph":[{"@type":"WebPage","@id":"https:\/\/klok-science.de\/de\/about\/","url":"https:\/\/klok-science.de\/de\/about\/","name":"\u00dcber klok science: Wir sind ein Team von Wissenschaftlern und kreativen PR-Spezialisten","isPartOf":{"@id":"https:\/\/klok-science.de\/#website"},"datePublished":"2014-12-12T09:33:34+00:00","dateModified":"2021-05-21T10:06:52+00:00","description":"\u00dcber klok science: Wir sind ein Team von Wissenschaftlern, technischen Redakteuren, Grafikern, PR-Spezialisten und Animationsk\u00fcnstlern.","breadcrumb":{"@id":"https:\/\/klok-science.de\/de\/about\/#breadcrumb"},"inLanguage":"de","potentialAction":[{"@type":"ReadAction","target":["https:\/\/klok-science.de\/de\/about\/"]}]},{"@type":"BreadcrumbList","@id":"https:\/\/klok-science.de\/de\/about\/#breadcrumb","itemListElement":[{"@type":"ListItem","position":1,"name":"Startseite","item":"https:\/\/klok-science.de\/"},{"@type":"ListItem","position":2,"name":"About"}]},{"@type":"WebSite","@id":"https:\/\/klok-science.de\/#website","url":"https:\/\/klok-science.de\/","name":"klok science","description":"Die Agentur f\u00fcr Wissenschaftskommunikation","potentialAction":[{"@type":"SearchAction","target":{"@type":"EntryPoint","urlTemplate":"https:\/\/klok-science.de\/?s={search_term_string}"},"query-input":{"@type":"PropertyValueSpecification","valueRequired":true,"valueName":"search_term_string"}}],"inLanguage":"de"}]}},"_links":{"self":[{"href":"http:\/\/klok-science.de\/de\/wp-json\/wp\/v2\/pages\/3624","targetHints":{"allow":["GET"]}}],"collection":[{"href":"http:\/\/klok-science.de\/de\/wp-json\/wp\/v2\/pages"}],"about":[{"href":"http:\/\/klok-science.de\/de\/wp-json\/wp\/v2\/types\/page"}],"author":[{"embeddable":true,"href":"http:\/\/klok-science.de\/de\/wp-json\/wp\/v2\/users\/1"}],"replies":[{"embeddable":true,"href":"http:\/\/klok-science.de\/de\/wp-json\/wp\/v2\/comments?post=3624"}],"version-history":[{"count":0,"href":"http:\/\/klok-science.de\/de\/wp-json\/wp\/v2\/pages\/3624\/revisions"}],"wp:attachment":[{"href":"http:\/\/klok-science.de\/de\/wp-json\/wp\/v2\/media?parent=3624"}],"curies":[{"name":"wp","href":"https:\/\/api.w.org\/{rel}","templated":true}]}}