{"id":4508,"date":"2014-12-19T11:43:38","date_gmt":"2014-12-19T10:43:38","guid":{"rendered":"https:\/\/undsgn.com\/uncode\/?page_id=4508"},"modified":"2020-11-30T12:43:06","modified_gmt":"2020-11-30T11:43:06","slug":"contact","status":"publish","type":"page","link":"http:\/\/klok-science.de\/de\/contact\/","title":{"rendered":"kontakt"},"content":{"rendered":"<div class=\"wpb-content-wrapper\"><div data-parent=\"true\" class=\"vc_row style-color-xsdn-bg row-container\" id=\"row-unique-0\"><div class=\"row unequal col-no-gutter no-top-padding no-bottom-padding no-h-padding full-width row-parent\"><div class=\"wpb_row row-inner\"><div class=\"wpb_column pos-top pos-left align_left column_parent col-lg-4 single-internal-gutter\"><div class=\"uncol style-light animate_when_almost_visible bottom-t-top\"  data-delay=\"300\"><div class=\"uncoltable\"><div class=\"uncell triple-block-padding style-color-2-bg\" ><div class=\"uncont\" ><div class=\"vc_custom_heading_wrap\"><div class=\"heading-text el-text\" ><h2 class=\"h2\" ><span>das Notizbuch.<\/span><\/h2><\/div><div class=\"clear\"><\/div><\/div><div class=\"uncode_text_column\" ><p>Dieser Abschnitt ist f\u00fcr Ihre Ideen da. Nutzen Sie das Nachrichtenfeld als Ihr pers\u00f6nliches Skizzenbuch und teilen Sie uns Ihre Ziele mit. Wir sind hier, um sie zu verwirklichen!<\/p>\n<p>Nennen Sie uns den finanziellen Umfang Ihres Projekts, damit wir Ihren individuellen Kommunikationsplan erstellen k\u00f6nnen.<\/p>\n<\/div><\/div><\/div><\/div><\/div><\/div><div class=\"wpb_column pos-top pos-center align_left column_parent col-lg-8 single-internal-gutter\"><div class=\"uncol style-light animate_when_almost_visible bottom-t-top\"  data-delay=\"400\"><div class=\"uncoltable\"><div class=\"uncell triple-block-padding style-color-gyho-bg\" ><div class=\"uncont\" ><div class=\"vc_custom_heading_wrap\"><div class=\"heading-text el-text\" ><h2 class=\"h2\" ><span>Ihre Vision.<\/span><\/h2><\/div><div class=\"clear\"><\/div><\/div>\n<div class=\"wpcf7 no-js\" id=\"wpcf7-f29-o1\" lang=\"en-US\" dir=\"ltr\" data-wpcf7-id=\"29\">\n<div class=\"screen-reader-response\"><p role=\"status\" aria-live=\"polite\" aria-atomic=\"true\"><\/p> <ul><\/ul><\/div>\n<form action=\"\/de\/wp-json\/wp\/v2\/pages\/4508#wpcf7-f29-o1\" method=\"post\" class=\"wpcf7-form init\" aria-label=\"Contact form\" novalidate=\"novalidate\" data-status=\"init\" data-trp-original-action=\"\/de\/wp-json\/wp\/v2\/pages\/4508#wpcf7-f29-o1\">\n<fieldset class=\"hidden-fields-container\"><input type=\"hidden\" name=\"_wpcf7\" value=\"29\" \/><input type=\"hidden\" name=\"_wpcf7_version\" value=\"6.1.1\" \/><input type=\"hidden\" name=\"_wpcf7_locale\" value=\"en_US\" \/><input type=\"hidden\" name=\"_wpcf7_unit_tag\" value=\"wpcf7-f29-o1\" \/><input type=\"hidden\" name=\"_wpcf7_container_post\" value=\"0\" \/><input type=\"hidden\" name=\"_wpcf7_posted_data_hash\" value=\"\" \/>\n<\/fieldset>\n<p><span class=\"wpcf7-form-control-wrap\" data-name=\"your-fullname\"><input size=\"40\" maxlength=\"400\" class=\"wpcf7-form-control wpcf7-text wpcf7-validates-as-required form-fluid\" aria-required=\"true\" aria-invalid=\"false\" placeholder=\"Vollst\u00e4ndiger Name\" value=\"\" type=\"text\" name=\"your-fullname\" \/><\/span>\n<\/p>\n<p><span id=\"wpcf7-69df5c8eb7f32-wrapper\" class=\"wpcf7-form-control-wrap Zusatz-wrap\" ><input type=\"hidden\" name=\"Zusatz-time-start\" value=\"1776245902\"><input type=\"hidden\" name=\"Zusatz-time-check\" value=\"4\"><label for=\"wpcf7-69df5c8eb7f32-field\" class=\"hp-message\">Please leave this field empty.<\/label><input id=\"wpcf7-69df5c8eb7f32-field\"  placeholder=\"Zusatz\"  class=\"wpcf7-form-control wpcf7-text\" type=\"text\" name=\"Zusatz\" value=\"\" size=\"40\" tabindex=\"-1\" autocomplete=\"off\" \/><\/span>\n<\/p>\n<div class=\"wpcf7-inline-wrapper\">\n\t<p class=\"wpcf7-inline-field\"><span class=\"wpcf7-form-control-wrap\" data-name=\"your-email\"><input size=\"40\" maxlength=\"400\" class=\"wpcf7-form-control wpcf7-email wpcf7-validates-as-required wpcf7-text wpcf7-validates-as-email\" aria-required=\"true\" aria-invalid=\"false\" placeholder=\"Email\" value=\"\" type=\"email\" name=\"your-email\" \/><\/span>\n\t<\/p>\n\t<p class=\"wpcf7-inline-field\"><span class=\"wpcf7-form-control-wrap\" data-name=\"your-telephone\"><input size=\"40\" maxlength=\"400\" class=\"wpcf7-form-control wpcf7-text wpcf7-validates-as-required form-fluid\" aria-required=\"true\" aria-invalid=\"false\" placeholder=\"Telefon\" value=\"\" type=\"text\" name=\"your-telephone\" \/><\/span>\n\t<\/p>\n<\/div>\n<p><span class=\"wpcf7-form-control-wrap\" data-name=\"your-message\"><textarea cols=\"40\" rows=\"8\" maxlength=\"2000\" class=\"wpcf7-form-control wpcf7-textarea\" aria-invalid=\"false\" placeholder=\"Ihre Nachricht\" name=\"your-message\"><\/textarea><\/span>\n<\/p>\n<p>Mein gesch\u00e4tztes Budget:\n<\/p>\n<p><span class=\"wpcf7-form-control-wrap\" data-name=\"menu-640\"><select class=\"wpcf7-form-control wpcf7-select\" aria-invalid=\"false\" name=\"menu-640\"><option value=\"\">&#8212;Please choose an option&#8212;<\/option><option value=\"0 - 500 \u20ac\">0 - 500 \u20ac<\/option><option value=\"500 - 3.000 \u20ac\">500 - 3.000 \u20ac<\/option><option value=\"3.000 - 10.000 \u20ac\">3.000 - 10.000 \u20ac<\/option><option value=\"10.000 - 15.000 \u20ac\">10.000 - 15.000 \u20ac<\/option><option value=\"15.000 \u20ac +\">15.000 \u20ac +<\/option><\/select><\/span>\n<\/p>\n<p><label for=\"your-captcha\">Bitte folgende Zeichen unten eingeben:<\/label><br \/>\n<input type=\"hidden\" name=\"_wpcf7_captcha_challenge_captcha-224\" value=\"984256696\" \/><img decoding=\"async\" class=\"wpcf7-form-control wpcf7-captchac wpcf7-captcha-captcha-224\" id=\"your-captcha\" width=\"72\" height=\"24\" alt=\"captcha\" src=\"https:\/\/klok-science.de\/wp-content\/uploads\/wpcf7_captcha\/984256696.png\" \/>\n<\/p>\n<div class=\"wpcf7-inline-wrapper\">\n\t<p class=\"wpcf7-inline-field\"><span class=\"wpcf7-form-control-wrap\" data-name=\"captcha-224\"><input size=\"40\" class=\"wpcf7-form-control wpcf7-captchar\" id=\"your-captcha-field\" autocomplete=\"off\" aria-invalid=\"false\" value=\"\" type=\"text\" name=\"captcha-224\" \/><\/span>\n\t<\/p>\n<\/div>\n<p><span class=\"wpcf7-form-control-wrap\" data-name=\"acceptance-295\"><span class=\"wpcf7-form-control wpcf7-acceptance\"><span class=\"wpcf7-list-item\"><label><input type=\"checkbox\" name=\"acceptance-295\" value=\"1\" aria-invalid=\"false\" \/><span class=\"wpcf7-list-item-label\">Ich best\u00e4tige hiermit, dass ich die Datenschutzbestimmungen gelesen, verstanden und akzeptiert habe.<\/span><\/label><\/span><\/span><\/span><br \/>\n<input class=\"wpcf7-form-control wpcf7-submit has-spinner btn btn-accent\" type=\"submit\" value=\"senden\" \/>\n<\/p><div class=\"wpcf7-response-output\" aria-hidden=\"true\"><\/div>\n<input type=\"hidden\" name=\"trp-form-language\" value=\"de\"\/><\/form>\n<\/div>\n<\/div><\/div><\/div><\/div><\/div><script id=\"script-row-unique-0\" data-row=\"script-row-unique-0\" type=\"text\/javascript\" class=\"vc_controls\">UNCODE.initRow(document.getElementById(\"row-unique-0\"));<\/script><\/div><\/div><\/div>\n<\/div>","protected":false},"excerpt":{"rendered":"the sketchbook.This section is there for your ideas. Use the message field as your personal sketchbook and tell us about [...]","protected":false},"author":1,"featured_media":0,"parent":0,"menu_order":0,"comment_status":"open","ping_status":"closed","template":"","meta":{"_monsterinsights_skip_tracking":false,"_monsterinsights_sitenote_active":false,"_monsterinsights_sitenote_note":"","_monsterinsights_sitenote_category":0,"footnotes":""},"class_list":["post-4508","page","type-page","status-publish","hentry"],"yoast_head":"<!-- This site is optimized with the Yoast SEO plugin v26.0 - https:\/\/yoast.com\/wordpress\/plugins\/seo\/ -->\n<title>contact klok science \u2013 work on your communication!<\/title>\n<meta name=\"description\" content=\"We bring scientists and different target groups together to enable acceptance, understanding and passion for science. Contact us now.\" \/>\n<meta name=\"robots\" content=\"index, follow, max-snippet:-1, max-image-preview:large, max-video-preview:-1\" \/>\n<link rel=\"canonical\" href=\"https:\/\/klok-science.de\/de\/contact\/\" \/>\n<meta property=\"og:locale\" content=\"de_DE\" \/>\n<meta property=\"og:type\" content=\"article\" \/>\n<meta property=\"og:title\" content=\"contact klok science \u2013 work on your communication!\" \/>\n<meta property=\"og:description\" content=\"We bring scientists and different target groups together to enable acceptance, understanding and passion for science. Contact us now.\" \/>\n<meta property=\"og:url\" content=\"https:\/\/klok-science.de\/de\/contact\/\" \/>\n<meta property=\"og:site_name\" content=\"klok science\" \/>\n<meta property=\"article:modified_time\" content=\"2020-11-30T11:43:06+00:00\" \/>\n<meta name=\"twitter:card\" content=\"summary_large_image\" \/>\n<meta name=\"twitter:label1\" content=\"Gesch\u00e4tzte Lesezeit\" \/>\n\t<meta name=\"twitter:data1\" content=\"1\u00a0Minute\" \/>\n<script type=\"application\/ld+json\" class=\"yoast-schema-graph\">{\"@context\":\"https:\/\/schema.org\",\"@graph\":[{\"@type\":\"WebPage\",\"@id\":\"https:\/\/klok-science.de\/contact\/\",\"url\":\"https:\/\/klok-science.de\/contact\/\",\"name\":\"contact klok science \u2013 work on your communication!\",\"isPartOf\":{\"@id\":\"https:\/\/klok-science.de\/#website\"},\"datePublished\":\"2014-12-19T10:43:38+00:00\",\"dateModified\":\"2020-11-30T11:43:06+00:00\",\"description\":\"We bring scientists and different target groups together to enable acceptance, understanding and passion for science. Contact us now.\",\"breadcrumb\":{\"@id\":\"https:\/\/klok-science.de\/contact\/#breadcrumb\"},\"inLanguage\":\"de\",\"potentialAction\":[{\"@type\":\"ReadAction\",\"target\":[\"https:\/\/klok-science.de\/contact\/\"]}]},{\"@type\":\"BreadcrumbList\",\"@id\":\"https:\/\/klok-science.de\/contact\/#breadcrumb\",\"itemListElement\":[{\"@type\":\"ListItem\",\"position\":1,\"name\":\"Startseite\",\"item\":\"https:\/\/klok-science.de\/\"},{\"@type\":\"ListItem\",\"position\":2,\"name\":\"contact\"}]},{\"@type\":\"WebSite\",\"@id\":\"https:\/\/klok-science.de\/#website\",\"url\":\"https:\/\/klok-science.de\/\",\"name\":\"klok science\",\"description\":\"The agency for science communication\",\"potentialAction\":[{\"@type\":\"SearchAction\",\"target\":{\"@type\":\"EntryPoint\",\"urlTemplate\":\"https:\/\/klok-science.de\/?s={search_term_string}\"},\"query-input\":{\"@type\":\"PropertyValueSpecification\",\"valueRequired\":true,\"valueName\":\"search_term_string\"}}],\"inLanguage\":\"de\"}]}<\/script>\n<!-- \/ Yoast SEO plugin. -->","yoast_head_json":{"title":"contact klok science \u2013 work on your communication!","description":"Wir bringen Wissenschaftler und verschiedene Zielgruppen zusammen, um Akzeptanz, Verst\u00e4ndnis und Leidenschaft f\u00fcr die Wissenschaft zu erm\u00f6glichen. Kontaktieren Sie uns jetzt.","robots":{"index":"index","follow":"follow","max-snippet":"max-snippet:-1","max-image-preview":"max-image-preview:large","max-video-preview":"max-video-preview:-1"},"canonical":"https:\/\/klok-science.de\/de\/contact\/","og_locale":"de_DE","og_type":"article","og_title":"contact klok science \u2013 work on your communication!","og_description":"We bring scientists and different target groups together to enable acceptance, understanding and passion for science. Contact us now.","og_url":"https:\/\/klok-science.de\/de\/contact\/","og_site_name":"klok science","article_modified_time":"2020-11-30T11:43:06+00:00","twitter_card":"summary_large_image","twitter_misc":{"Gesch\u00e4tzte Lesezeit":"1\u00a0Minute"},"schema":{"@context":"https:\/\/schema.org","@graph":[{"@type":"WebPage","@id":"https:\/\/klok-science.de\/contact\/","url":"https:\/\/klok-science.de\/contact\/","name":"contact klok science \u2013 work on your communication!","isPartOf":{"@id":"https:\/\/klok-science.de\/#website"},"datePublished":"2014-12-19T10:43:38+00:00","dateModified":"2020-11-30T11:43:06+00:00","description":"Wir bringen Wissenschaftler und verschiedene Zielgruppen zusammen, um Akzeptanz, Verst\u00e4ndnis und Leidenschaft f\u00fcr die Wissenschaft zu erm\u00f6glichen. Kontaktieren Sie uns jetzt.","breadcrumb":{"@id":"https:\/\/klok-science.de\/contact\/#breadcrumb"},"inLanguage":"de","potentialAction":[{"@type":"ReadAction","target":["https:\/\/klok-science.de\/contact\/"]}]},{"@type":"BreadcrumbList","@id":"https:\/\/klok-science.de\/contact\/#breadcrumb","itemListElement":[{"@type":"ListItem","position":1,"name":"Startseite","item":"https:\/\/klok-science.de\/"},{"@type":"ListItem","position":2,"name":"contact"}]},{"@type":"WebSite","@id":"https:\/\/klok-science.de\/#website","url":"https:\/\/klok-science.de\/","name":"klok science","description":"Die Agentur f\u00fcr Wissenschaftskommunikation","potentialAction":[{"@type":"SearchAction","target":{"@type":"EntryPoint","urlTemplate":"https:\/\/klok-science.de\/?s={search_term_string}"},"query-input":{"@type":"PropertyValueSpecification","valueRequired":true,"valueName":"search_term_string"}}],"inLanguage":"de"}]}},"_links":{"self":[{"href":"http:\/\/klok-science.de\/de\/wp-json\/wp\/v2\/pages\/4508","targetHints":{"allow":["GET"]}}],"collection":[{"href":"http:\/\/klok-science.de\/de\/wp-json\/wp\/v2\/pages"}],"about":[{"href":"http:\/\/klok-science.de\/de\/wp-json\/wp\/v2\/types\/page"}],"author":[{"embeddable":true,"href":"http:\/\/klok-science.de\/de\/wp-json\/wp\/v2\/users\/1"}],"replies":[{"embeddable":true,"href":"http:\/\/klok-science.de\/de\/wp-json\/wp\/v2\/comments?post=4508"}],"version-history":[{"count":0,"href":"http:\/\/klok-science.de\/de\/wp-json\/wp\/v2\/pages\/4508\/revisions"}],"wp:attachment":[{"href":"http:\/\/klok-science.de\/de\/wp-json\/wp\/v2\/media?parent=4508"}],"curies":[{"name":"wp","href":"https:\/\/api.w.org\/{rel}","templated":true}]}}