{"id":57007,"date":"2017-05-05T12:09:32","date_gmt":"2017-05-05T10:09:32","guid":{"rendered":"https:\/\/undsgn.com\/uncode\/?page_id=57007"},"modified":"2020-12-12T14:42:16","modified_gmt":"2020-12-12T13:42:16","slug":"services","status":"publish","type":"page","link":"http:\/\/klok-science.de\/de\/services\/","title":{"rendered":"Service"},"content":{"rendered":"<div class=\"wpb-content-wrapper\"><div data-parent=\"true\" class=\"vc_row row-container\" id=\"row-unique-0\"><div class=\"row limit-width row-parent\"><div class=\"wpb_row row-inner\"><div class=\"wpb_column pos-top pos-center align_left column_parent col-lg-8 col-md-66 single-internal-gutter\"><div class=\"uncol style-light\"  ><div class=\"uncoltable\"><div class=\"uncell no-block-padding\" ><div class=\"uncont\" ><div class=\"uncode_text_column bottom-t-top animate_when_almost_visible\" ><p><b><span lang=\"EN-US\">Was wir tun: Wissenschaftskommunikation.\u00a0<\/span><\/b><span lang=\"EN-US\">Unsere Dienstleistungen sichern das Verst\u00e4ndnis und die Wahrnehmung wissenschaftsbezogener Themen. <\/span><span lang=\"EN-US\">Wir bringen Wissenschaftler und verschiedene Zielgruppen zusammen, um Akzeptanz, Verst\u00e4ndnis und Leidenschaft f\u00fcr die Wissenschaft zu erm\u00f6glichen. <\/span><\/p>\n<p><span lang=\"EN-US\">We invite you to find the services you need and understand what we do and why we do it.<\/span><\/p>\n<\/div><\/div><\/div><\/div><\/div><\/div><div class=\"wpb_column pos-top pos-center align_left column_parent col-lg-4 col-md-33 single-internal-gutter\"><div class=\"uncol style-light\"  ><div class=\"uncoltable\"><div class=\"uncell no-block-padding\" ><div class=\"uncont\" ><\/div><\/div><\/div><\/div><\/div><script id=\"script-row-unique-0\" data-row=\"script-row-unique-0\" type=\"text\/javascript\" class=\"vc_controls\">UNCODE.initRow(document.getElementById(\"row-unique-0\"));<\/script><\/div><\/div><\/div><div data-parent=\"true\" class=\"vc_row row-container\" style=\"z-index: 1;\" id=\"row-unique-1\"><div class=\"row quad-top-padding quad-bottom-padding single-h-padding limit-width row-parent\"><div class=\"wpb_row row-inner\"><div class=\"wpb_column pos-top pos-center align_left column_parent col-lg-12 double-internal-gutter\"><div class=\"uncol style-light animate_when_almost_visible bottom-t-top\"  ><div class=\"uncoltable\"><div class=\"uncell no-block-padding\" ><div class=\"uncont\" ><div class=\"vc_row row-internal row-container\"><div class=\"row unequal col-no-gutter row-child\" data-height=\"100\"><div class=\"wpb_row row-inner\"><div class=\"wpb_column pos-top pos-center align_left column_child col-lg-5 col-md-50 single-internal-gutter\"><div class=\"uncol style-light animate_when_almost_visible left-t-right\" ><div class=\"uncoltable\"><div class=\"uncell double-block-padding style-color-2-bg\" ><div class=\"uncont\" ><div class=\"vc_custom_heading_wrap\"><div class=\"heading-text el-text\" ><p class=\"h2 fontspace-781688 font-weight-600 text-color-prif-color\" ><span>was wir tun.<\/span><\/p><\/div><div class=\"clear\"><\/div><\/div><\/div><\/div><\/div><\/div><\/div><div class=\"wpb_column pos-middle pos-center align_left column_child col-lg-7 tablet-hidden mobile-hidden col-md-50 single-internal-gutter z_index_1\"><div class=\"uncol style-light\" ><div class=\"uncoltable\"><div class=\"uncell no-block-padding\" ><div class=\"uncont\" ><\/div><\/div><\/div><\/div><\/div><\/div><\/div><\/div><div class=\"vc_row row-internal row-container\"><div class=\"row unequal col-half-gutter row-child\"><div class=\"wpb_row row-inner\"><div class=\"wpb_column pos-top pos-center align_left column_child col-lg-4 col-md-33 single-internal-gutter\"><div class=\"uncol style-light\" ><div class=\"uncoltable\"><div class=\"uncell no-block-padding  unradius-sm\" ><div class=\"uncont\" ><div class=\"icon-box icon-box-top\" ><div class=\"icon-box-icon fa-container\" style=\"width:100px;\"><span class=\"text-color-2-color btn-disable-hover\"><span id=\"icon-352177\" style=\"width:100%\" class=\"icon-media\"><img decoding=\"async\" src=\"https:\/\/klok-science.de\/wp-content\/uploads\/2020\/05\/sm.svg\" alt=\"Social Media Beratung\" \/><\/span><\/span><\/div><div class=\"icon-box-content\"><div class=\"icon-box-heading icon-box-fa-1x\"><h3 class=\"h4\">Social Media Management<\/h3><\/div><p>We talk about your results &#8211; or the way to get there. Everywhere: Instagram, twitter, Facebook, LinkedIn. Stay in touch with the scientific community.<\/p>\n<\/div><\/div><\/div><\/div><\/div><\/div><\/div><div class=\"wpb_column pos-top pos-center align_left column_child col-lg-4 col-md-33 single-internal-gutter\"><div class=\"uncol style-light\" ><div class=\"uncoltable\"><div class=\"uncell no-block-padding  unradius-sm\" ><div class=\"uncont\" ><div class=\"icon-box icon-box-top\" ><div class=\"icon-box-icon fa-container\" style=\"width:100px;\"><span class=\"text-accent-color btn-disable-hover\"><span id=\"icon-205597\" style=\"width:100%\" class=\"icon-media\"><img decoding=\"async\" src=\"https:\/\/klok-science.de\/wp-content\/uploads\/2020\/05\/text.svg\" alt=\"PR\" \/><\/span><\/span><\/div><div class=\"icon-box-content\"><div class=\"icon-box-heading icon-box-fa-1x\"><h3 class=\"h4\">PR \/ Redaktion<\/h3><\/div><p>Sie haben Ergebnisse und wir die richtige Sprache daf\u00fcr. Ob Content, PR oder Pressearbeit. Wir finden die richtigen Worte.<\/p>\n<\/div><\/div><\/div><\/div><\/div><\/div><\/div><div class=\"wpb_column pos-top pos-center align_left column_child col-lg-4 col-md-33 single-internal-gutter\"><div class=\"uncol style-light\" ><div class=\"uncoltable\"><div class=\"uncell no-block-padding  unradius-sm\" ><div class=\"uncont\" ><div class=\"icon-box icon-box-top\" ><div class=\"icon-box-icon fa-container\" style=\"width:100px;\"><span class=\"text-accent-color btn-disable-hover\"><span id=\"icon-351444\" style=\"width:100%\" class=\"icon-media\"><img decoding=\"async\" src=\"https:\/\/klok-science.de\/wp-content\/uploads\/2020\/05\/icon-krisenkommunikation.svg\" alt=\"Krisenkommunikation, Crisis communication\" \/><\/span><\/span><\/div><div class=\"icon-box-content\"><div class=\"icon-box-heading icon-box-fa-1x\"><h3 class=\"h4\">Krisenkommunikation<\/h3><\/div><p>Wissenschaftliche Forschung und ihr Umfeld ist auch Kritik und Unverst\u00e4ndnis ausgesetzt. Lassen Sie keine Situation eskalieren, sondern reagieren proaktiv mit dem richtigen Ton und einer guten Strategie.<\/p>\n<\/div><\/div><\/div><\/div><\/div><\/div><\/div><\/div><\/div><\/div><div class=\"vc_row row-internal row-container\"><div class=\"row unequal col-half-gutter row-child\"><div class=\"wpb_row row-inner\"><div class=\"wpb_column pos-top pos-center align_left column_child col-lg-4 col-md-33 single-internal-gutter\"><div class=\"uncol style-light\" ><div class=\"uncoltable\"><div class=\"uncell no-block-padding  unradius-sm\" ><div class=\"uncont\" ><div class=\"icon-box icon-box-top\" ><div class=\"icon-box-icon fa-container\" style=\"width:100px;\"><span class=\"text-accent-color btn-disable-hover\"><span id=\"icon-148608\" style=\"width:100%\" class=\"icon-media\"><img decoding=\"async\" src=\"https:\/\/klok-science.de\/wp-content\/uploads\/2020\/05\/icon_animation2.svg\" alt=\"Grafikdesign\" \/><\/span><\/span><\/div><div class=\"icon-box-content\"><div class=\"icon-box-heading icon-box-fa-1x\"><h3 class=\"h4\">Grafik \/ Konferenzplakate<\/h3><\/div><p>In der Wissenschaftskommunikation wiegt der Text ebenso schwer wie die grafische Erkl\u00e4rung. Wir geben Daten die \u00e4sthetische Anmutung.<\/p>\n<\/div><\/div><\/div><\/div><\/div><\/div><\/div><div class=\"wpb_column pos-top pos-center align_left column_child col-lg-4 col-md-33 single-internal-gutter\"><div class=\"uncol style-light\" ><div class=\"uncoltable\"><div class=\"uncell no-block-padding  unradius-sm\" ><div class=\"uncont\" ><div class=\"icon-box icon-box-top\" ><div class=\"icon-box-icon fa-container\" style=\"width:100px;\"><span class=\"text-accent-color btn-disable-hover\"><span id=\"icon-180877\" style=\"width:100%\" class=\"icon-media\"><img decoding=\"async\" src=\"https:\/\/klok-science.de\/wp-content\/uploads\/2020\/05\/icon-film.svg\" alt=\"Animation, film, video, Explanatory video, erkl\u00e4rvideo\" \/><\/span><\/span><\/div><div class=\"icon-box-content\"><div class=\"icon-box-heading icon-box-fa-1x\"><h3 class=\"h4\">Erkl\u00e4rvideos \/ Fotos<\/h3><\/div><p>A picture &#8211; or many &#8211; says more than 1000 words. Reach all target groups with different media formats.<\/p>\n<\/div><\/div><\/div><\/div><\/div><\/div><\/div><div class=\"wpb_column pos-top pos-center align_left column_child col-lg-4 col-md-33 single-internal-gutter\"><div class=\"uncol style-light\" ><div class=\"uncoltable\"><div class=\"uncell no-block-padding  unradius-sm\" ><div class=\"uncont\" ><div class=\"icon-box icon-box-top\" ><div class=\"icon-box-icon fa-container\" style=\"width:100px;\"><span class=\"text-accent-color btn-disable-hover\"><span id=\"icon-176770\" style=\"width:100%\" class=\"icon-media\"><img decoding=\"async\" src=\"https:\/\/klok-science.de\/wp-content\/uploads\/2020\/05\/icon-website.svg\" alt=\"Website, Webdesign\" \/><\/span><\/span><\/div><div class=\"icon-box-content\"><div class=\"icon-box-heading icon-box-fa-1x\"><h3 class=\"h4\">Webauftritt<\/h3><\/div><p>Webseiten sind Ihr Tor zu \u00d6ffentlichkeit, Ihr Profil f\u00fcr Bewerber und das Portr\u00e4t Ihres Instituts und Ihrer Arbeit. Wir malen das professionellste davon.<\/p>\n<\/div><\/div><\/div><\/div><\/div><\/div><\/div><\/div><\/div><\/div><div class=\"vc_row style-color-xsdn-bg row-internal row-container\"><div class=\"row row-child\"><div class=\"wpb_row row-inner\"><div class=\"wpb_column pos-top pos-center align_left column_child col-lg-12 single-internal-gutter\"><div class=\"uncol style-light\" ><div class=\"uncoltable\"><div class=\"uncell no-block-padding\" ><div class=\"uncont\" ><div class=\"uncode_text_column\" ><\/p>\n<h5>Wir erstellen das richtige Format f\u00fcr alle Kan\u00e4le und alle Zielgruppen: strategische Kommunikationskonzepte, Pressemitteilungen, Artikel in verschiedenen journalistischen Formaten wie Portr\u00e4ts und Berichte, Papers, Flyer, Brosch\u00fcren, Werbung und Kampagnen, Marketing, Websites, Social Media Posts, Fotos und Videos.<\/h5>\n<p>\n<\/div><\/div><\/div><\/div><\/div><\/div><\/div><\/div><\/div><\/div><\/div><\/div><\/div><\/div><script id=\"script-row-unique-1\" data-row=\"script-row-unique-1\" type=\"text\/javascript\" class=\"vc_controls\">UNCODE.initRow(document.getElementById(\"row-unique-1\"));<\/script><\/div><\/div><\/div><div data-parent=\"true\" class=\"vc_row style-color-xsdn-bg row-container with-parallax\" id=\"row-unique-2\"><div class=\"row-background background-element\">\n\t\t\t\t\t\t\t\t\t\t\t<div class=\"background-wrapper\">\n\t\t\t\t\t\t\t\t\t\t\t\t<div class=\"background-inner\" style=\"background-image: url(https:\/\/klok-science.de\/wp-content\/uploads\/2020\/05\/hintergrund3.svg);background-repeat: no-repeat;background-position: right top;background-size: cover;\"><\/div>\n\t\t\t\t\t\t\t\t\t\t\t\t\n\t\t\t\t\t\t\t\t\t\t\t<\/div>\n\t\t\t\t\t\t\t\t\t\t<\/div><div class=\"row col-half-gutter double-top-padding no-bottom-padding quad-h-padding full-width row-parent\" data-height-ratio=\"36\"><div class=\"wpb_row row-inner\"><div class=\"wpb_column pos-top pos-center align_left column_parent col-lg-5 col-md-66 single-internal-gutter z_index_2\"><div class=\"uncol style-light shift_x_double shift_y_neg_quad animate_when_almost_visible left-t-right\"  ><div class=\"uncoltable\"><div class=\"uncell double-block-padding style-color-2-bg\" ><div class=\"uncont\" ><div class=\"vc_custom_heading_wrap\"><div class=\"heading-text el-text\" ><p class=\"h2 fontspace-781688 font-weight-600 text-color-prif-color\" ><span>warum wir das tun.<\/span><\/p><\/div><div class=\"clear\"><\/div><\/div><\/div><\/div><\/div><\/div><\/div><div class=\"wpb_column pos-top pos-center align_left column_parent col-lg-7 col-md-33 triple-internal-gutter\"><div class=\"uncol style-light shift_x_single animate_when_almost_visible right-t-left\"  data-delay=\"200\"><div class=\"uncoltable\"><div class=\"uncell single-block-padding style-color-2-bg\" ><div class=\"uncont\" style=\" max-width:89%;\" ><div class=\"vc_custom_heading_wrap\"><div class=\"heading-text el-text\" ><h2 class=\"h2\" ><span>science isn&#8217;t finished until its reported. \u2013 <em>Mark Walport<\/em><\/span><\/h2><\/div><div class=\"clear\"><\/div><\/div><\/div><\/div><\/div><\/div><\/div><script id=\"script-row-unique-2\" data-row=\"script-row-unique-2\" type=\"text\/javascript\" class=\"vc_controls\">UNCODE.initRow(document.getElementById(\"row-unique-2\"));<\/script><\/div><\/div><\/div><div data-parent=\"true\" class=\"vc_row inverted-device-order row-container\" id=\"row-unique-3\"><div class=\"row col-double-gutter quad-top-padding single-bottom-padding single-h-padding limit-width row-parent\" data-height-ratio=\"50\"><div class=\"wpb_row row-inner\"><div class=\"wpb_column pos-middle pos-center align_left column_parent col-lg-6 col-md-50 single-internal-gutter\"><div class=\"uncol style-light\"  ><div class=\"uncoltable\"><div class=\"uncell no-block-padding\" ><div class=\"uncont\" style=\" max-width:900px;\" ><div class=\"vc_custom_heading_wrap\"><div class=\"heading-text el-text\" ><h3 class=\"fontsize-155944\" ><span>Aufbau einer Plattform.<\/span><\/h3><div><p>Wir kreieren f\u00fcr Sie eine Plattform, Wissen zu vermitteln und sich mit anderen Wissenschaftlern, Interessierten, Organisationen oder der Industrie auszutauschen.<\/p>\n<\/div><\/div><div class=\"clear\"><\/div><\/div><\/div><\/div><\/div><\/div><\/div><div class=\"wpb_column pos-top pos-center align_left column_parent col-lg-6 col-md-50 single-internal-gutter\"><div class=\"uncol style-light\"  ><div class=\"uncoltable\"><div class=\"uncell no-block-padding\" ><div class=\"uncont\" ><div class=\"uncode-single-media  text-left\"><div class=\"single-wrapper\" style=\"max-width: 100%;\"><div class=\"tmb tmb-light  tmb-img-ratio tmb-media-first tmb-media-last tmb-content-overlay tmb-no-bg\"><div class=\"t-inside\"><div class=\"t-entry-visual\"><div class=\"t-entry-visual-tc\"><div class=\"uncode-single-media-wrapper\"><div class=\"fluid-svg\"><span id=\"icon-552578\" style=\"width:100%\" class=\"icon-media\"><img decoding=\"async\" src=\"https:\/\/klok-science.de\/wp-content\/uploads\/2020\/04\/scico-1-2.svg\" alt=\"two heads thinking\"><\/span><\/div><\/div>\n\t\t\t\t\t<\/div>\n\t\t\t\t<\/div><\/div><\/div><\/div><\/div><\/div><\/div><\/div><\/div><\/div><script id=\"script-row-unique-3\" data-row=\"script-row-unique-3\" type=\"text\/javascript\" class=\"vc_controls\">UNCODE.initRow(document.getElementById(\"row-unique-3\"));<\/script><\/div><\/div><\/div><div data-parent=\"true\" class=\"vc_row row-container\" id=\"row-unique-4\"><div class=\"row col-double-gutter single-top-padding quad-bottom-padding single-h-padding limit-width row-parent\" data-height-ratio=\"50\"><div class=\"wpb_row row-inner\"><div class=\"wpb_column pos-top pos-center align_left column_parent col-lg-6 col-md-50 single-internal-gutter\"><div class=\"uncol style-light\"  ><div class=\"uncoltable\"><div class=\"uncell no-block-padding\" ><div class=\"uncont\" >\n<div class=\"uncode-twentytwenty\" >\n\t<div class=\"twentytwenty-container\">\n\t\t<img decoding=\"async\" src=\"https:\/\/klok-science.de\/wp-content\/uploads\/2020\/04\/scico-2_3.svg\"  width=\"1\" height=\"1\" alt=\"all people accept science\">\n\t\t<img decoding=\"async\" src=\"https:\/\/klok-science.de\/wp-content\/uploads\/2020\/04\/scico-2_4-1.svg\" width=\"1\" height=\"1\" alt=\"No one accepts science. Scientist alone.\">\n\t<\/div>\n<\/div>\n<\/div><\/div><\/div><\/div><\/div><div class=\"wpb_column pos-middle pos-center align_left column_parent col-lg-6 col-md-50 single-internal-gutter\"><div class=\"uncol style-light\"  ><div class=\"uncoltable\"><div class=\"uncell no-block-padding\" ><div class=\"uncont\" style=\" max-width:900px;\" ><div class=\"vc_custom_heading_wrap\"><div class=\"heading-text el-text\" ><h3 class=\"fontsize-155944\" ><span>gesellschaftliche Akzeptanz.<\/span><\/h3><div><p>Insbesondere staatlich gef\u00f6rderte Institutionen ben\u00f6tigen Akzeptanz, Verst\u00e4ndnis und Transparenz. Zeigen Sie der Gesellschaft, was Sie f\u00fcr sie tun.<\/p>\n<\/div><\/div><div class=\"clear\"><\/div><\/div><\/div><\/div><\/div><\/div><\/div><script id=\"script-row-unique-4\" data-row=\"script-row-unique-4\" type=\"text\/javascript\" class=\"vc_controls\">UNCODE.initRow(document.getElementById(\"row-unique-4\"));<\/script><\/div><\/div><\/div><div data-parent=\"true\" class=\"vc_row inverted-device-order row-container\" id=\"row-unique-5\"><div class=\"row col-double-gutter one-top-padding quad-bottom-padding single-h-padding limit-width row-parent\" data-height-ratio=\"28\"><div class=\"wpb_row row-inner\"><div class=\"wpb_column pos-middle pos-center align_left column_parent col-lg-6 col-md-50 single-internal-gutter z_index_2\"><div class=\"uncol style-light\"  ><div class=\"uncoltable\"><div class=\"uncell no-block-padding\" ><div class=\"uncont\" style=\" max-width:900px;\" ><div class=\"vc_custom_heading_wrap\"><div class=\"heading-text el-text\" ><h3 class=\"fontsize-155944\" ><span>F\u00f6rderung.<\/span><\/h3><div><p>Sie haben das Wissen, wir verkaufen es. Wir unterst\u00fctzen Sie beim Gewinnen von F\u00f6rdergeldern und richten das Interesse von Investoren auf Ihre Forschung.<\/p>\n<\/div><\/div><div class=\"clear\"><\/div><\/div><\/div><\/div><\/div><\/div><\/div><div class=\"wpb_column pos-top pos-center align_left column_parent col-lg-6 col-md-50 single-internal-gutter z_index_1\"><div class=\"uncol style-light\"  ><div class=\"uncoltable\"><div class=\"uncell no-block-padding\" ><div class=\"uncont\" ><div class=\"uncode-single-media  text-left\"><div class=\"single-wrapper\" style=\"max-width: 100%;\"><div class=\"tmb tmb-light  tmb-media-first tmb-media-last tmb-content-overlay tmb-no-bg\"><div class=\"t-inside\"><div class=\"t-entry-visual\"><div class=\"t-entry-visual-tc\"><div class=\"uncode-single-media-wrapper\"><div class=\"fluid-svg\"><span id=\"icon-157223\" style=\"width:100%\" class=\"icon-media\"><img decoding=\"async\" src=\"https:\/\/klok-science.de\/wp-content\/uploads\/2020\/04\/scico-3-2-2.svg\" alt=\"Funding science.\"><\/span><\/div><\/div>\n\t\t\t\t\t<\/div>\n\t\t\t\t<\/div><\/div><\/div><\/div><\/div><\/div><\/div><\/div><\/div><\/div><script id=\"script-row-unique-5\" data-row=\"script-row-unique-5\" type=\"text\/javascript\" class=\"vc_controls\">UNCODE.initRow(document.getElementById(\"row-unique-5\"));<\/script><\/div><\/div><\/div>\n<\/div>","protected":false},"excerpt":{"rendered":"What we do: Science communication.\u00a0Our services ensure understanding and comprehension of science related topics. We bring scientists and different target [...]","protected":false},"author":1,"featured_media":0,"parent":0,"menu_order":0,"comment_status":"closed","ping_status":"closed","template":"","meta":{"_monsterinsights_skip_tracking":false,"_monsterinsights_sitenote_active":false,"_monsterinsights_sitenote_note":"","_monsterinsights_sitenote_category":0,"footnotes":""},"class_list":["post-57007","page","type-page","status-publish","hentry"],"yoast_head":"<!-- This site is optimized with the Yoast SEO plugin v26.0 - https:\/\/yoast.com\/wordpress\/plugins\/seo\/ -->\n<title>Services and what we do \u2013 klok science communication<\/title>\n<meta name=\"description\" content=\"What we do for you. Our services include explanatory videos\/animations, simple words and uncomplicated grahphics to reach different target groups.\" \/>\n<meta name=\"robots\" content=\"index, follow, max-snippet:-1, max-image-preview:large, max-video-preview:-1\" \/>\n<link rel=\"canonical\" href=\"https:\/\/klok-science.de\/de\/services\/\" \/>\n<meta property=\"og:locale\" content=\"de_DE\" \/>\n<meta property=\"og:type\" content=\"article\" \/>\n<meta property=\"og:title\" content=\"Services and what we do \u2013 klok science communication\" \/>\n<meta property=\"og:description\" content=\"What we do for you. Our services include explanatory videos\/animations, simple words and uncomplicated grahphics to reach different target groups.\" \/>\n<meta property=\"og:url\" content=\"https:\/\/klok-science.de\/de\/services\/\" \/>\n<meta property=\"og:site_name\" content=\"klok science\" \/>\n<meta property=\"article:modified_time\" content=\"2020-12-12T13:42:16+00:00\" \/>\n<meta name=\"twitter:card\" content=\"summary_large_image\" \/>\n<meta name=\"twitter:label1\" content=\"Gesch\u00e4tzte Lesezeit\" \/>\n\t<meta name=\"twitter:data1\" content=\"7\u00a0Minuten\" \/>\n<script type=\"application\/ld+json\" class=\"yoast-schema-graph\">{\"@context\":\"https:\/\/schema.org\",\"@graph\":[{\"@type\":\"WebPage\",\"@id\":\"https:\/\/klok-science.de\/de\/services\/\",\"url\":\"https:\/\/klok-science.de\/de\/services\/\",\"name\":\"Services and what we do \u2013 klok science communication\",\"isPartOf\":{\"@id\":\"https:\/\/klok-science.de\/#website\"},\"datePublished\":\"2017-05-05T10:09:32+00:00\",\"dateModified\":\"2020-12-12T13:42:16+00:00\",\"description\":\"What we do for you. Our services include explanatory videos\/animations, simple words and uncomplicated grahphics to reach different target groups.\",\"breadcrumb\":{\"@id\":\"https:\/\/klok-science.de\/de\/services\/#breadcrumb\"},\"inLanguage\":\"de\",\"potentialAction\":[{\"@type\":\"ReadAction\",\"target\":[\"https:\/\/klok-science.de\/de\/services\/\"]}]},{\"@type\":\"BreadcrumbList\",\"@id\":\"https:\/\/klok-science.de\/de\/services\/#breadcrumb\",\"itemListElement\":[{\"@type\":\"ListItem\",\"position\":1,\"name\":\"Startseite\",\"item\":\"https:\/\/klok-science.de\/\"},{\"@type\":\"ListItem\",\"position\":2,\"name\":\"Service\"}]},{\"@type\":\"WebSite\",\"@id\":\"https:\/\/klok-science.de\/#website\",\"url\":\"https:\/\/klok-science.de\/\",\"name\":\"klok science\",\"description\":\"The agency for science communication\",\"potentialAction\":[{\"@type\":\"SearchAction\",\"target\":{\"@type\":\"EntryPoint\",\"urlTemplate\":\"https:\/\/klok-science.de\/?s={search_term_string}\"},\"query-input\":{\"@type\":\"PropertyValueSpecification\",\"valueRequired\":true,\"valueName\":\"search_term_string\"}}],\"inLanguage\":\"de\"}]}<\/script>\n<!-- \/ Yoast SEO plugin. -->","yoast_head_json":{"title":"Leistungen und was wir tun - klok science Wissenschaftskommunikation","description":"Was wir f\u00fcr Sie tun. Unsere Leistungen umfassen Erkl\u00e4rvideos\/Animationen, einfache Worte und unkomplizierte Graphiken, um verschiedene Zielgruppen zu erreichen.","robots":{"index":"index","follow":"follow","max-snippet":"max-snippet:-1","max-image-preview":"max-image-preview:large","max-video-preview":"max-video-preview:-1"},"canonical":"https:\/\/klok-science.de\/de\/services\/","og_locale":"de_DE","og_type":"article","og_title":"Services and what we do \u2013 klok science communication","og_description":"What we do for you. Our services include explanatory videos\/animations, simple words and uncomplicated grahphics to reach different target groups.","og_url":"https:\/\/klok-science.de\/de\/services\/","og_site_name":"klok science","article_modified_time":"2020-12-12T13:42:16+00:00","twitter_card":"summary_large_image","twitter_misc":{"Gesch\u00e4tzte Lesezeit":"7\u00a0Minuten"},"schema":{"@context":"https:\/\/schema.org","@graph":[{"@type":"WebPage","@id":"https:\/\/klok-science.de\/de\/services\/","url":"https:\/\/klok-science.de\/de\/services\/","name":"Leistungen und was wir tun - klok science Wissenschaftskommunikation","isPartOf":{"@id":"https:\/\/klok-science.de\/#website"},"datePublished":"2017-05-05T10:09:32+00:00","dateModified":"2020-12-12T13:42:16+00:00","description":"Was wir f\u00fcr Sie tun. Unsere Leistungen umfassen Erkl\u00e4rvideos\/Animationen, einfache Worte und unkomplizierte Graphiken, um verschiedene Zielgruppen zu erreichen.","breadcrumb":{"@id":"https:\/\/klok-science.de\/de\/services\/#breadcrumb"},"inLanguage":"de","potentialAction":[{"@type":"ReadAction","target":["https:\/\/klok-science.de\/de\/services\/"]}]},{"@type":"BreadcrumbList","@id":"https:\/\/klok-science.de\/de\/services\/#breadcrumb","itemListElement":[{"@type":"ListItem","position":1,"name":"Startseite","item":"https:\/\/klok-science.de\/"},{"@type":"ListItem","position":2,"name":"Service"}]},{"@type":"WebSite","@id":"https:\/\/klok-science.de\/#website","url":"https:\/\/klok-science.de\/","name":"klok science","description":"Die Agentur f\u00fcr Wissenschaftskommunikation","potentialAction":[{"@type":"SearchAction","target":{"@type":"EntryPoint","urlTemplate":"https:\/\/klok-science.de\/?s={search_term_string}"},"query-input":{"@type":"PropertyValueSpecification","valueRequired":true,"valueName":"search_term_string"}}],"inLanguage":"de"}]}},"_links":{"self":[{"href":"http:\/\/klok-science.de\/de\/wp-json\/wp\/v2\/pages\/57007","targetHints":{"allow":["GET"]}}],"collection":[{"href":"http:\/\/klok-science.de\/de\/wp-json\/wp\/v2\/pages"}],"about":[{"href":"http:\/\/klok-science.de\/de\/wp-json\/wp\/v2\/types\/page"}],"author":[{"embeddable":true,"href":"http:\/\/klok-science.de\/de\/wp-json\/wp\/v2\/users\/1"}],"replies":[{"embeddable":true,"href":"http:\/\/klok-science.de\/de\/wp-json\/wp\/v2\/comments?post=57007"}],"version-history":[{"count":0,"href":"http:\/\/klok-science.de\/de\/wp-json\/wp\/v2\/pages\/57007\/revisions"}],"wp:attachment":[{"href":"http:\/\/klok-science.de\/de\/wp-json\/wp\/v2\/media?parent=57007"}],"curies":[{"name":"wp","href":"https:\/\/api.w.org\/{rel}","templated":true}]}}